{"id":12458,"date":"2022-04-14T20:59:58","date_gmt":"2022-04-14T18:59:58","guid":{"rendered":"https:\/\/mondomarmo.net\/carlo-trevisani\/"},"modified":"2024-01-23T18:15:41","modified_gmt":"2024-01-23T17:15:41","slug":"carlo-trevisani","status":"publish","type":"page","link":"https:\/\/mondomarmo.net\/fr\/designer\/carlo-trevisani\/","title":{"rendered":"Carlo Trevisani"},"content":{"rendered":"\t\t<div data-elementor-type=\"wp-page\" data-elementor-id=\"12458\" class=\"elementor elementor-12458 elementor-7865\" data-elementor-post-type=\"page\">\n\t\t\t\t\t\t<section class=\"elementor-section elementor-top-section elementor-element elementor-element-c5d9ea4 elementor-section-full_width elementor-section-content-middle qodef-elementor-content-grid elementor-section-height-default elementor-section-height-default\" data-id=\"c5d9ea4\" data-element_type=\"section\" data-e-type=\"section\">\n\t\t\t\t\t\t<div class=\"elementor-container elementor-column-gap-default\">\n\t\t\t\t\t<div class=\"elementor-column elementor-col-50 elementor-top-column elementor-element elementor-element-ea26b68\" data-id=\"ea26b68\" data-element_type=\"column\" data-e-type=\"column\">\n\t\t\t<div class=\"elementor-widget-wrap elementor-element-populated\">\n\t\t\t\t\t\t<div class=\"elementor-element elementor-element-c5804bd elementor-widget__width-initial elementor-widget elementor-widget-umea_core_section_title\" data-id=\"c5804bd\" data-element_type=\"widget\" data-e-type=\"widget\" data-widget_type=\"umea_core_section_title.default\">\n\t\t\t\t<div class=\"elementor-widget-container\">\n\t\t\t\t\t<div class=\"qodef-shortcode qodef-m qodef-section-title qodef-alignment--left\">\n\t\t<h6 class=\"qodef-m-tagline\" >\n\tDesigner\t<\/h6>\n\t\t<h2 class=\"qodef-m-title\" >\n\t\t\t\t\tCarlo Trevisani\t\t\t\t\t<\/h2>\n\t\t<div class=\"qodef-m-separator clear\">\n\t\t<div class=\"qodef-shortcode qodef-m qodef-separator clear qodef-position--left\">\t<div class=\"qodef-m-line\" style=\"width: 120px\"><\/div><\/div>\t<\/div>\n\t\t<p class=\"qodef-m-text\" >Apr\u00e8s avoir obtenu son dipl\u00f4me \u00e0 l\u2019ISIA (Institut Sup\u00e9rieur des Industries Artistiques) de Faenza, avec une th\u00e8se sur l\u2019utilisation exp\u00e9rimentale des cires de paraffine en \u00e9clairagisme, il collabore \u00e0 partir de 2000 avec les designers Paolo Zani, Stefano Gallizioli et Matteo Thun au sein de leurs bureaux d\u2019\u00e9tude bas\u00e9s \u00e0 Milan. Il travaille depuis 2008 en tant que designer ind\u00e9pendant. Il cherche constamment \u00e0 approfondir le sens de l\u2019interaction entre \u00eatres humains et objets, et le rapport affectif et \u00e9motionnel se d\u00e9veloppant entre eux.<\/p>\n\t<\/div>\n\t\t\t\t<\/div>\n\t\t\t\t<\/div>\n\t\t\t\t<div class=\"elementor-element elementor-element-cf67cdc elementor-widget elementor-widget-spacer\" data-id=\"cf67cdc\" data-element_type=\"widget\" data-e-type=\"widget\" data-widget_type=\"spacer.default\">\n\t\t\t\t\t\t\t<div class=\"elementor-spacer\">\n\t\t\t<div class=\"elementor-spacer-inner\"><\/div>\n\t\t<\/div>\n\t\t\t\t\t\t<\/div>\n\t\t\t\t\t<\/div>\n\t\t<\/div>\n\t\t\t\t<div class=\"elementor-column elementor-col-50 elementor-top-column elementor-element elementor-element-ae697e6\" data-id=\"ae697e6\" data-element_type=\"column\" data-e-type=\"column\">\n\t\t\t<div class=\"elementor-widget-wrap elementor-element-populated\">\n\t\t\t\t\t\t<div class=\"elementor-element elementor-element-dcf9e84 elementor-widget elementor-widget-umea_core_single_image\" data-id=\"dcf9e84\" data-element_type=\"widget\" data-e-type=\"widget\" data-widget_type=\"umea_core_single_image.default\">\n\t\t\t\t<div class=\"elementor-widget-container\">\n\t\t\t\t\t<div class=\"qodef-shortcode qodef-m qodef-single-image qodef-layout--default qodef--appear\">\n\t<div class=\"qodef-m-image\">\n\t\t\t<img fetchpriority=\"high\" decoding=\"async\" width=\"600\" height=\"600\" src=\"https:\/\/mondomarmo.net\/wp-content\/uploads\/2022\/04\/designer-carlo-trevisani-02.jpg\" class=\"attachment-full size-full\" alt=\"\" srcset=\"https:\/\/mondomarmo.net\/wp-content\/uploads\/2022\/04\/designer-carlo-trevisani-02.jpg 600w, https:\/\/mondomarmo.net\/wp-content\/uploads\/2022\/04\/designer-carlo-trevisani-02-300x300.jpg 300w, https:\/\/mondomarmo.net\/wp-content\/uploads\/2022\/04\/designer-carlo-trevisani-02-150x150.jpg 150w, https:\/\/mondomarmo.net\/wp-content\/uploads\/2022\/04\/designer-carlo-trevisani-02-100x100.jpg 100w\" sizes=\"(max-width: 600px) 100vw, 600px\" \/>\t<\/div>\n<\/div>\n\t\t\t\t<\/div>\n\t\t\t\t<\/div>\n\t\t\t\t\t<\/div>\n\t\t<\/div>\n\t\t\t\t\t<\/div>\n\t\t<\/section>\n\t\t\t\t<\/div>\n\t\t","protected":false},"excerpt":{"rendered":"<p>Designer Carlo Trevisani Apr\u00e8s avoir obtenu son dipl\u00f4me \u00e0 l\u2019ISIA (Institut Sup\u00e9rieur des Industries Artistiques) de Faenza, avec une th\u00e8se sur l\u2019utilisation exp\u00e9rimentale des cires de paraffine en \u00e9clairagisme, il collabore \u00e0 partir de 2000 avec les designers Paolo Zani, Stefano Gallizioli et Matteo Thun au sein de leurs bureaux d\u2019\u00e9tude bas\u00e9s \u00e0 Milan. Il [&hellip;]<\/p>\n","protected":false},"author":1,"featured_media":0,"parent":12463,"menu_order":0,"comment_status":"closed","ping_status":"closed","template":"page-full-width.php","meta":{"footnotes":""},"class_list":["post-12458","page","type-page","status-publish","hentry"],"yoast_head":"<!-- This site is optimized with the Yoast SEO plugin v27.3 - https:\/\/yoast.com\/product\/yoast-seo-wordpress\/ -->\n<title>Carlo Trevisani - Mondo Marmo Design<\/title>\n<meta name=\"robots\" content=\"index, follow, max-snippet:-1, max-image-preview:large, max-video-preview:-1\" \/>\n<link rel=\"canonical\" href=\"https:\/\/mondomarmo.net\/fr\/designer\/carlo-trevisani\/\" \/>\n<meta property=\"og:locale\" content=\"fr_FR\" \/>\n<meta property=\"og:type\" content=\"article\" \/>\n<meta property=\"og:title\" content=\"Carlo Trevisani - Mondo Marmo Design\" \/>\n<meta property=\"og:description\" content=\"Designer Carlo Trevisani Apr\u00e8s avoir obtenu son dipl\u00f4me \u00e0 l\u2019ISIA (Institut Sup\u00e9rieur des Industries Artistiques) de Faenza, avec une th\u00e8se sur l\u2019utilisation exp\u00e9rimentale des cires de paraffine en \u00e9clairagisme, il collabore \u00e0 partir de 2000 avec les designers Paolo Zani, Stefano Gallizioli et Matteo Thun au sein de leurs bureaux d\u2019\u00e9tude bas\u00e9s \u00e0 Milan. Il [&hellip;]\" \/>\n<meta property=\"og:url\" content=\"https:\/\/mondomarmo.net\/fr\/designer\/carlo-trevisani\/\" \/>\n<meta property=\"og:site_name\" content=\"Mondo Marmo Design\" \/>\n<meta property=\"article:publisher\" content=\"https:\/\/www.facebook.com\/MondoMarmoDesign\/\" \/>\n<meta property=\"article:modified_time\" content=\"2024-01-23T17:15:41+00:00\" \/>\n<meta property=\"og:image\" content=\"https:\/\/mondomarmo.net\/wp-content\/uploads\/2022\/04\/designer-carlo-trevisani-02.jpg\" \/>\n<meta name=\"twitter:card\" content=\"summary_large_image\" \/>\n<meta name=\"twitter:label1\" content=\"Dur\u00e9e de lecture estim\u00e9e\" \/>\n\t<meta name=\"twitter:data1\" content=\"1 minute\" \/>\n<script type=\"application\/ld+json\" class=\"yoast-schema-graph\">{\"@context\":\"https:\\\/\\\/schema.org\",\"@graph\":[{\"@type\":\"WebPage\",\"@id\":\"https:\\\/\\\/mondomarmo.net\\\/fr\\\/designer\\\/carlo-trevisani\\\/\",\"url\":\"https:\\\/\\\/mondomarmo.net\\\/fr\\\/designer\\\/carlo-trevisani\\\/\",\"name\":\"Carlo Trevisani - Mondo Marmo Design\",\"isPartOf\":{\"@id\":\"https:\\\/\\\/mondomarmo.net\\\/fr\\\/#website\"},\"primaryImageOfPage\":{\"@id\":\"https:\\\/\\\/mondomarmo.net\\\/fr\\\/designer\\\/carlo-trevisani\\\/#primaryimage\"},\"image\":{\"@id\":\"https:\\\/\\\/mondomarmo.net\\\/fr\\\/designer\\\/carlo-trevisani\\\/#primaryimage\"},\"thumbnailUrl\":\"https:\\\/\\\/mondomarmo.net\\\/wp-content\\\/uploads\\\/2022\\\/04\\\/designer-carlo-trevisani-02.jpg\",\"datePublished\":\"2022-04-14T18:59:58+00:00\",\"dateModified\":\"2024-01-23T17:15:41+00:00\",\"breadcrumb\":{\"@id\":\"https:\\\/\\\/mondomarmo.net\\\/fr\\\/designer\\\/carlo-trevisani\\\/#breadcrumb\"},\"inLanguage\":\"fr-FR\",\"potentialAction\":[{\"@type\":\"ReadAction\",\"target\":[\"https:\\\/\\\/mondomarmo.net\\\/fr\\\/designer\\\/carlo-trevisani\\\/\"]}]},{\"@type\":\"ImageObject\",\"inLanguage\":\"fr-FR\",\"@id\":\"https:\\\/\\\/mondomarmo.net\\\/fr\\\/designer\\\/carlo-trevisani\\\/#primaryimage\",\"url\":\"https:\\\/\\\/mondomarmo.net\\\/wp-content\\\/uploads\\\/2022\\\/04\\\/designer-carlo-trevisani-02.jpg\",\"contentUrl\":\"https:\\\/\\\/mondomarmo.net\\\/wp-content\\\/uploads\\\/2022\\\/04\\\/designer-carlo-trevisani-02.jpg\"},{\"@type\":\"BreadcrumbList\",\"@id\":\"https:\\\/\\\/mondomarmo.net\\\/fr\\\/designer\\\/carlo-trevisani\\\/#breadcrumb\",\"itemListElement\":[{\"@type\":\"ListItem\",\"position\":1,\"name\":\"Home\",\"item\":\"https:\\\/\\\/mondomarmo.net\\\/fr\\\/\"},{\"@type\":\"ListItem\",\"position\":2,\"name\":\"Designers\",\"item\":\"https:\\\/\\\/mondomarmo.net\\\/fr\\\/designer\\\/\"},{\"@type\":\"ListItem\",\"position\":3,\"name\":\"Carlo Trevisani\"}]},{\"@type\":\"WebSite\",\"@id\":\"https:\\\/\\\/mondomarmo.net\\\/fr\\\/#website\",\"url\":\"https:\\\/\\\/mondomarmo.net\\\/fr\\\/\",\"name\":\"Mondo Marmo Design\",\"description\":\"Soluzioni per progetti in Marmo\",\"publisher\":{\"@id\":\"https:\\\/\\\/mondomarmo.net\\\/fr\\\/#organization\"},\"potentialAction\":[{\"@type\":\"SearchAction\",\"target\":{\"@type\":\"EntryPoint\",\"urlTemplate\":\"https:\\\/\\\/mondomarmo.net\\\/fr\\\/?s={search_term_string}\"},\"query-input\":{\"@type\":\"PropertyValueSpecification\",\"valueRequired\":true,\"valueName\":\"search_term_string\"}}],\"inLanguage\":\"fr-FR\"},{\"@type\":\"Organization\",\"@id\":\"https:\\\/\\\/mondomarmo.net\\\/fr\\\/#organization\",\"name\":\"Mondo Marmo Design\",\"url\":\"https:\\\/\\\/mondomarmo.net\\\/fr\\\/\",\"logo\":{\"@type\":\"ImageObject\",\"inLanguage\":\"fr-FR\",\"@id\":\"https:\\\/\\\/mondomarmo.net\\\/fr\\\/#\\\/schema\\\/logo\\\/image\\\/\",\"url\":\"https:\\\/\\\/mondomarmo.net\\\/wp-content\\\/uploads\\\/2022\\\/02\\\/mondo-marmo-1.png\",\"contentUrl\":\"https:\\\/\\\/mondomarmo.net\\\/wp-content\\\/uploads\\\/2022\\\/02\\\/mondo-marmo-1.png\",\"width\":125,\"height\":147,\"caption\":\"Mondo Marmo Design\"},\"image\":{\"@id\":\"https:\\\/\\\/mondomarmo.net\\\/fr\\\/#\\\/schema\\\/logo\\\/image\\\/\"},\"sameAs\":[\"https:\\\/\\\/www.facebook.com\\\/MondoMarmoDesign\\\/\",\"https:\\\/\\\/www.instagram.com\\\/mmarmodesign\\\/\"]}]}<\/script>\n<!-- \/ Yoast SEO plugin. -->","yoast_head_json":{"title":"Carlo Trevisani - Mondo Marmo Design","robots":{"index":"index","follow":"follow","max-snippet":"max-snippet:-1","max-image-preview":"max-image-preview:large","max-video-preview":"max-video-preview:-1"},"canonical":"https:\/\/mondomarmo.net\/fr\/designer\/carlo-trevisani\/","og_locale":"fr_FR","og_type":"article","og_title":"Carlo Trevisani - Mondo Marmo Design","og_description":"Designer Carlo Trevisani Apr\u00e8s avoir obtenu son dipl\u00f4me \u00e0 l\u2019ISIA (Institut Sup\u00e9rieur des Industries Artistiques) de Faenza, avec une th\u00e8se sur l\u2019utilisation exp\u00e9rimentale des cires de paraffine en \u00e9clairagisme, il collabore \u00e0 partir de 2000 avec les designers Paolo Zani, Stefano Gallizioli et Matteo Thun au sein de leurs bureaux d\u2019\u00e9tude bas\u00e9s \u00e0 Milan. Il [&hellip;]","og_url":"https:\/\/mondomarmo.net\/fr\/designer\/carlo-trevisani\/","og_site_name":"Mondo Marmo Design","article_publisher":"https:\/\/www.facebook.com\/MondoMarmoDesign\/","article_modified_time":"2024-01-23T17:15:41+00:00","og_image":[{"url":"https:\/\/mondomarmo.net\/wp-content\/uploads\/2022\/04\/designer-carlo-trevisani-02.jpg","type":"","width":"","height":""}],"twitter_card":"summary_large_image","twitter_misc":{"Dur\u00e9e de lecture estim\u00e9e":"1 minute"},"schema":{"@context":"https:\/\/schema.org","@graph":[{"@type":"WebPage","@id":"https:\/\/mondomarmo.net\/fr\/designer\/carlo-trevisani\/","url":"https:\/\/mondomarmo.net\/fr\/designer\/carlo-trevisani\/","name":"Carlo Trevisani - Mondo Marmo Design","isPartOf":{"@id":"https:\/\/mondomarmo.net\/fr\/#website"},"primaryImageOfPage":{"@id":"https:\/\/mondomarmo.net\/fr\/designer\/carlo-trevisani\/#primaryimage"},"image":{"@id":"https:\/\/mondomarmo.net\/fr\/designer\/carlo-trevisani\/#primaryimage"},"thumbnailUrl":"https:\/\/mondomarmo.net\/wp-content\/uploads\/2022\/04\/designer-carlo-trevisani-02.jpg","datePublished":"2022-04-14T18:59:58+00:00","dateModified":"2024-01-23T17:15:41+00:00","breadcrumb":{"@id":"https:\/\/mondomarmo.net\/fr\/designer\/carlo-trevisani\/#breadcrumb"},"inLanguage":"fr-FR","potentialAction":[{"@type":"ReadAction","target":["https:\/\/mondomarmo.net\/fr\/designer\/carlo-trevisani\/"]}]},{"@type":"ImageObject","inLanguage":"fr-FR","@id":"https:\/\/mondomarmo.net\/fr\/designer\/carlo-trevisani\/#primaryimage","url":"https:\/\/mondomarmo.net\/wp-content\/uploads\/2022\/04\/designer-carlo-trevisani-02.jpg","contentUrl":"https:\/\/mondomarmo.net\/wp-content\/uploads\/2022\/04\/designer-carlo-trevisani-02.jpg"},{"@type":"BreadcrumbList","@id":"https:\/\/mondomarmo.net\/fr\/designer\/carlo-trevisani\/#breadcrumb","itemListElement":[{"@type":"ListItem","position":1,"name":"Home","item":"https:\/\/mondomarmo.net\/fr\/"},{"@type":"ListItem","position":2,"name":"Designers","item":"https:\/\/mondomarmo.net\/fr\/designer\/"},{"@type":"ListItem","position":3,"name":"Carlo Trevisani"}]},{"@type":"WebSite","@id":"https:\/\/mondomarmo.net\/fr\/#website","url":"https:\/\/mondomarmo.net\/fr\/","name":"Mondo Marmo Design","description":"Soluzioni per progetti in Marmo","publisher":{"@id":"https:\/\/mondomarmo.net\/fr\/#organization"},"potentialAction":[{"@type":"SearchAction","target":{"@type":"EntryPoint","urlTemplate":"https:\/\/mondomarmo.net\/fr\/?s={search_term_string}"},"query-input":{"@type":"PropertyValueSpecification","valueRequired":true,"valueName":"search_term_string"}}],"inLanguage":"fr-FR"},{"@type":"Organization","@id":"https:\/\/mondomarmo.net\/fr\/#organization","name":"Mondo Marmo Design","url":"https:\/\/mondomarmo.net\/fr\/","logo":{"@type":"ImageObject","inLanguage":"fr-FR","@id":"https:\/\/mondomarmo.net\/fr\/#\/schema\/logo\/image\/","url":"https:\/\/mondomarmo.net\/wp-content\/uploads\/2022\/02\/mondo-marmo-1.png","contentUrl":"https:\/\/mondomarmo.net\/wp-content\/uploads\/2022\/02\/mondo-marmo-1.png","width":125,"height":147,"caption":"Mondo Marmo Design"},"image":{"@id":"https:\/\/mondomarmo.net\/fr\/#\/schema\/logo\/image\/"},"sameAs":["https:\/\/www.facebook.com\/MondoMarmoDesign\/","https:\/\/www.instagram.com\/mmarmodesign\/"]}]}},"_links":{"self":[{"href":"https:\/\/mondomarmo.net\/fr\/wp-json\/wp\/v2\/pages\/12458","targetHints":{"allow":["GET"]}}],"collection":[{"href":"https:\/\/mondomarmo.net\/fr\/wp-json\/wp\/v2\/pages"}],"about":[{"href":"https:\/\/mondomarmo.net\/fr\/wp-json\/wp\/v2\/types\/page"}],"author":[{"embeddable":true,"href":"https:\/\/mondomarmo.net\/fr\/wp-json\/wp\/v2\/users\/1"}],"replies":[{"embeddable":true,"href":"https:\/\/mondomarmo.net\/fr\/wp-json\/wp\/v2\/comments?post=12458"}],"version-history":[{"count":4,"href":"https:\/\/mondomarmo.net\/fr\/wp-json\/wp\/v2\/pages\/12458\/revisions"}],"predecessor-version":[{"id":12473,"href":"https:\/\/mondomarmo.net\/fr\/wp-json\/wp\/v2\/pages\/12458\/revisions\/12473"}],"up":[{"embeddable":true,"href":"https:\/\/mondomarmo.net\/fr\/wp-json\/wp\/v2\/pages\/12463"}],"wp:attachment":[{"href":"https:\/\/mondomarmo.net\/fr\/wp-json\/wp\/v2\/media?parent=12458"}],"curies":[{"name":"wp","href":"https:\/\/api.w.org\/{rel}","templated":true}]}}