{"id":12457,"date":"2022-04-14T20:32:35","date_gmt":"2022-04-14T18:32:35","guid":{"rendered":"https:\/\/mondomarmo.net\/matteo-leorato\/"},"modified":"2024-01-23T18:14:35","modified_gmt":"2024-01-23T17:14:35","slug":"matteo-leorato","status":"publish","type":"page","link":"https:\/\/mondomarmo.net\/fr\/designer\/matteo-leorato\/","title":{"rendered":"Matteo Leorato"},"content":{"rendered":"\t\t<div data-elementor-type=\"wp-page\" data-elementor-id=\"12457\" class=\"elementor elementor-12457 elementor-7834\" data-elementor-post-type=\"page\">\n\t\t\t\t\t\t<section class=\"elementor-section elementor-top-section elementor-element elementor-element-c5d9ea4 elementor-section-full_width elementor-section-content-middle qodef-elementor-content-grid elementor-section-height-default elementor-section-height-default\" data-id=\"c5d9ea4\" data-element_type=\"section\">\n\t\t\t\t\t\t<div class=\"elementor-container elementor-column-gap-default\">\n\t\t\t\t\t<div class=\"elementor-column elementor-col-50 elementor-top-column elementor-element elementor-element-ea26b68\" data-id=\"ea26b68\" data-element_type=\"column\">\n\t\t\t<div class=\"elementor-widget-wrap elementor-element-populated\">\n\t\t\t\t\t\t<div class=\"elementor-element elementor-element-c5804bd elementor-widget__width-initial elementor-widget elementor-widget-umea_core_section_title\" data-id=\"c5804bd\" data-element_type=\"widget\" data-widget_type=\"umea_core_section_title.default\">\n\t\t\t\t<div class=\"elementor-widget-container\">\n\t\t\t\t\t<div class=\"qodef-shortcode qodef-m qodef-section-title qodef-alignment--left\">\n\t\t<h6 class=\"qodef-m-tagline\" >\n\tDesigner\t<\/h6>\n\t\t<h2 class=\"qodef-m-title\" >\n\t\t\t\t\tMatteo Leorato\t\t\t\t\t<\/h2>\n\t\t<div class=\"qodef-m-separator clear\">\n\t\t<div class=\"qodef-shortcode qodef-m qodef-separator clear qodef-position--left\">\t<div class=\"qodef-m-line\" style=\"width: 120px\"><\/div><\/div>\t<\/div>\n\t\t<p class=\"qodef-m-text\" >N\u00e9 \u00e0 V\u00e9rone (Italie) en 1980. Dipl\u00f4m\u00e9 en Art du bois puis en Dessin Industriel au Politecnico (\u00c9cole polytechnique) de Milan. Il a acquis de l\u2019exp\u00e9rience en collaborant avec des studios de design de Milan, New York, V\u00e9rone, Guangzhou et Barcelone. Designer \u00e9clectique, il s\u2019engage dans diff\u00e9rents domaines comme le design de produits, le design d&#039;int\u00e9rieur et le graphisme.<\/p>\n\t<\/div>\n\t\t\t\t<\/div>\n\t\t\t\t<\/div>\n\t\t\t\t<div class=\"elementor-element elementor-element-cf67cdc elementor-widget elementor-widget-spacer\" data-id=\"cf67cdc\" data-element_type=\"widget\" data-widget_type=\"spacer.default\">\n\t\t\t\t<div class=\"elementor-widget-container\">\n\t\t\t\t\t\t\t<div class=\"elementor-spacer\">\n\t\t\t<div class=\"elementor-spacer-inner\"><\/div>\n\t\t<\/div>\n\t\t\t\t\t\t<\/div>\n\t\t\t\t<\/div>\n\t\t\t\t\t<\/div>\n\t\t<\/div>\n\t\t\t\t<div class=\"elementor-column elementor-col-50 elementor-top-column elementor-element elementor-element-ae697e6\" data-id=\"ae697e6\" data-element_type=\"column\">\n\t\t\t<div class=\"elementor-widget-wrap elementor-element-populated\">\n\t\t\t\t\t\t<div class=\"elementor-element elementor-element-dcf9e84 elementor-widget elementor-widget-umea_core_single_image\" data-id=\"dcf9e84\" data-element_type=\"widget\" data-widget_type=\"umea_core_single_image.default\">\n\t\t\t\t<div class=\"elementor-widget-container\">\n\t\t\t\t\t<div class=\"qodef-shortcode qodef-m qodef-single-image qodef-layout--default qodef--appear\">\n\t<div class=\"qodef-m-image\">\n\t\t\t<img fetchpriority=\"high\" decoding=\"async\" width=\"600\" height=\"600\" src=\"https:\/\/mondomarmo.net\/wp-content\/uploads\/2022\/04\/designer-Matteo-Leorato-02.jpg\" class=\"attachment-full size-full\" alt=\"\" srcset=\"https:\/\/mondomarmo.net\/wp-content\/uploads\/2022\/04\/designer-Matteo-Leorato-02.jpg 600w, https:\/\/mondomarmo.net\/wp-content\/uploads\/2022\/04\/designer-Matteo-Leorato-02-300x300.jpg 300w, https:\/\/mondomarmo.net\/wp-content\/uploads\/2022\/04\/designer-Matteo-Leorato-02-150x150.jpg 150w, https:\/\/mondomarmo.net\/wp-content\/uploads\/2022\/04\/designer-Matteo-Leorato-02-100x100.jpg 100w\" sizes=\"(max-width: 600px) 100vw, 600px\" \/>\t<\/div>\n<\/div>\n\t\t\t\t<\/div>\n\t\t\t\t<\/div>\n\t\t\t\t\t<\/div>\n\t\t<\/div>\n\t\t\t\t\t<\/div>\n\t\t<\/section>\n\t\t\t\t<section class=\"elementor-section elementor-top-section elementor-element elementor-element-3fdc468 elementor-section-full_width qodef-elementor-content-grid elementor-section-height-default elementor-section-height-default\" data-id=\"3fdc468\" data-element_type=\"section\">\n\t\t\t\t\t\t<div class=\"elementor-container elementor-column-gap-default\">\n\t\t\t\t\t<div class=\"elementor-column elementor-col-100 elementor-top-column elementor-element elementor-element-38ce616\" data-id=\"38ce616\" data-element_type=\"column\">\n\t\t\t<div class=\"elementor-widget-wrap elementor-element-populated\">\n\t\t\t\t\t\t<div class=\"elementor-element elementor-element-db9c6a3 elementor-widget elementor-widget-heading\" data-id=\"db9c6a3\" data-element_type=\"widget\" data-widget_type=\"heading.default\">\n\t\t\t\t<div class=\"elementor-widget-container\">\n\t\t\t\t\t<h4 class=\"elementor-heading-title elementor-size-default\">Quelques r\u00e9alisations pour Mondo Marmo Design<\/h4>\t\t\t\t<\/div>\n\t\t\t\t<\/div>\n\t\t\t\t<div class=\"elementor-element elementor-element-c772398 elementor-widget elementor-widget-umea_core_portfolio_list\" data-id=\"c772398\" data-element_type=\"widget\" data-widget_type=\"umea_core_portfolio_list.default\">\n\t\t\t\t<div class=\"elementor-widget-container\">\n\t\t\t\t\t<div class=\"qodef-shortcode qodef-m qodef-portfolio-list qodef-item-layout--info-below qodef-grid qodef-layout--columns qodef-gutter--normal qodef-col-num--4 qodef-item-layout--info-below qodef--no-bottom-space qodef-pagination--off qodef-responsive--predefined qodef-hover-animation--tilt\" data-options=\"{&quot;plugin&quot;:&quot;umea_core&quot;,&quot;module&quot;:&quot;post-types\\\/portfolio\\\/shortcodes&quot;,&quot;shortcode&quot;:&quot;portfolio-list&quot;,&quot;post_type&quot;:&quot;portfolio-item&quot;,&quot;next_page&quot;:&quot;2&quot;,&quot;max_pages_num&quot;:3,&quot;behavior&quot;:&quot;columns&quot;,&quot;divided_content_slider&quot;:&quot;no&quot;,&quot;divided_content_slider_position&quot;:&quot;left&quot;,&quot;divided_content_slider_vertical_alignment&quot;:&quot;top&quot;,&quot;divided_content_slider_separator&quot;:&quot;no&quot;,&quot;divided_content_slider_children&quot;:&quot;null&quot;,&quot;images_proportion&quot;:&quot;full&quot;,&quot;columns&quot;:&quot;4&quot;,&quot;columns_responsive&quot;:&quot;predefined&quot;,&quot;columns_1440&quot;:&quot;3&quot;,&quot;columns_1366&quot;:&quot;3&quot;,&quot;columns_1024&quot;:&quot;3&quot;,&quot;columns_768&quot;:&quot;3&quot;,&quot;columns_680&quot;:&quot;3&quot;,&quot;columns_480&quot;:&quot;3&quot;,&quot;space&quot;:&quot;normal&quot;,&quot;posts_per_page&quot;:&quot;4&quot;,&quot;orderby&quot;:&quot;rand&quot;,&quot;order&quot;:&quot;ASC&quot;,&quot;additional_params&quot;:&quot;tax&quot;,&quot;tax&quot;:&quot;portfolio-tag&quot;,&quot;tax_slug&quot;:&quot;matteo-leorato&quot;,&quot;layout&quot;:&quot;info-below&quot;,&quot;hover_animation_info-below&quot;:&quot;tilt&quot;,&quot;title_tag&quot;:&quot;h5&quot;,&quot;use_portfolio_list_image&quot;:&quot;no&quot;,&quot;enable_category&quot;:&quot;yes&quot;,&quot;custom_padding&quot;:&quot;no&quot;,&quot;enable_filter&quot;:&quot;no&quot;,&quot;pagination_type&quot;:&quot;no-pagination&quot;,&quot;object_class_name&quot;:&quot;UmeaCore_Portfolio_List_Shortcode&quot;,&quot;taxonomy_filter&quot;:&quot;portfolio-category&quot;,&quot;additional_query_args&quot;:{&quot;tax_query&quot;:[{&quot;taxonomy&quot;:&quot;portfolio-tag&quot;,&quot;field&quot;:&quot;slug&quot;,&quot;terms&quot;:&quot;matteo-leorato&quot;}]},&quot;space_value&quot;:15}\">\n\t\t<div class=\"qodef-grid-inner clear\">\n\t\t<article class=\"qodef-e qodef-grid-item qodef-item--full post-12164 portfolio-item type-portfolio-item status-publish has-post-thumbnail hentry portfolio-category-rialto-fr portfolio-tag-matteo-leorato-fr portfolio-tag-pavement portfolio-tag-rialto-fr\">\n\t<div class=\"qodef-e-inner\" >\n\t\t<div class=\"qodef-e-image\">\n\t\t\t\t<div class=\"qodef-e-media-image\">\n\t\t<a itemprop=\"url\" href=\"https:\/\/mondomarmo.net\/fr\/product\/terrazzo-decor-lagune\/\">\n\t\t\t<img decoding=\"async\" width=\"1000\" height=\"1000\" src=\"https:\/\/mondomarmo.net\/wp-content\/uploads\/2022\/04\/mondo-marmo-design-terrazzo-rialto-decoro-laguna-1.jpg\" class=\"attachment-full size-full\" alt=\"\" srcset=\"https:\/\/mondomarmo.net\/wp-content\/uploads\/2022\/04\/mondo-marmo-design-terrazzo-rialto-decoro-laguna-1.jpg 1000w, https:\/\/mondomarmo.net\/wp-content\/uploads\/2022\/04\/mondo-marmo-design-terrazzo-rialto-decoro-laguna-1-300x300.jpg 300w, https:\/\/mondomarmo.net\/wp-content\/uploads\/2022\/04\/mondo-marmo-design-terrazzo-rialto-decoro-laguna-1-150x150.jpg 150w, https:\/\/mondomarmo.net\/wp-content\/uploads\/2022\/04\/mondo-marmo-design-terrazzo-rialto-decoro-laguna-1-768x768.jpg 768w, https:\/\/mondomarmo.net\/wp-content\/uploads\/2022\/04\/mondo-marmo-design-terrazzo-rialto-decoro-laguna-1-650x650.jpg 650w, https:\/\/mondomarmo.net\/wp-content\/uploads\/2022\/04\/mondo-marmo-design-terrazzo-rialto-decoro-laguna-1-600x600.jpg 600w, https:\/\/mondomarmo.net\/wp-content\/uploads\/2022\/04\/mondo-marmo-design-terrazzo-rialto-decoro-laguna-1-100x100.jpg 100w\" sizes=\"(max-width: 1000px) 100vw, 1000px\" \/>\t\t<\/a>\n\t<\/div>\n\t\t<\/div>\n\t\t<div class=\"qodef-e-content\" >\n\t\t\t<h5 itemprop=\"name\" class=\"qodef-e-title entry-title\" >\n\t<a itemprop=\"url\" class=\"qodef-e-title-link\" href=\"https:\/\/mondomarmo.net\/fr\/product\/terrazzo-decor-lagune\/\">\n\t\tD\u00e9cor Lagune\t<\/a>\n<\/h5>\n\t\t\t\t<div class=\"qodef-e-info-category\">\n\t\t\t\t\t<a itemprop=\"url\" class=\"qodef-e-category\" href=\"https:\/\/mondomarmo.net\/fr\/product-category\/rialto-fr\/\">\n\t\t\t\tRialto\t\t\t<\/a>\n\t\t\t<\/div>\n\t\t<\/div>\n\t<\/div>\n<\/article>\n<article class=\"qodef-e qodef-grid-item qodef-item--full post-12161 portfolio-item type-portfolio-item status-publish has-post-thumbnail hentry portfolio-category-rialto-fr portfolio-tag-matteo-leorato-fr portfolio-tag-pavement portfolio-tag-rialto-fr\">\n\t<div class=\"qodef-e-inner\" >\n\t\t<div class=\"qodef-e-image\">\n\t\t\t\t<div class=\"qodef-e-media-image\">\n\t\t<a itemprop=\"url\" href=\"https:\/\/mondomarmo.net\/fr\/product\/terrazzo-decor-patere\/\">\n\t\t\t<img decoding=\"async\" width=\"1000\" height=\"1000\" src=\"https:\/\/mondomarmo.net\/wp-content\/uploads\/2022\/03\/mondo-marmo-design-terrazzo-rialto-decoro-patera-1.jpg\" class=\"attachment-full size-full\" alt=\"\" srcset=\"https:\/\/mondomarmo.net\/wp-content\/uploads\/2022\/03\/mondo-marmo-design-terrazzo-rialto-decoro-patera-1.jpg 1000w, https:\/\/mondomarmo.net\/wp-content\/uploads\/2022\/03\/mondo-marmo-design-terrazzo-rialto-decoro-patera-1-300x300.jpg 300w, https:\/\/mondomarmo.net\/wp-content\/uploads\/2022\/03\/mondo-marmo-design-terrazzo-rialto-decoro-patera-1-150x150.jpg 150w, https:\/\/mondomarmo.net\/wp-content\/uploads\/2022\/03\/mondo-marmo-design-terrazzo-rialto-decoro-patera-1-768x768.jpg 768w, https:\/\/mondomarmo.net\/wp-content\/uploads\/2022\/03\/mondo-marmo-design-terrazzo-rialto-decoro-patera-1-650x650.jpg 650w, https:\/\/mondomarmo.net\/wp-content\/uploads\/2022\/03\/mondo-marmo-design-terrazzo-rialto-decoro-patera-1-600x600.jpg 600w, https:\/\/mondomarmo.net\/wp-content\/uploads\/2022\/03\/mondo-marmo-design-terrazzo-rialto-decoro-patera-1-100x100.jpg 100w\" sizes=\"(max-width: 1000px) 100vw, 1000px\" \/>\t\t<\/a>\n\t<\/div>\n\t\t<\/div>\n\t\t<div class=\"qodef-e-content\" >\n\t\t\t<h5 itemprop=\"name\" class=\"qodef-e-title entry-title\" >\n\t<a itemprop=\"url\" class=\"qodef-e-title-link\" href=\"https:\/\/mondomarmo.net\/fr\/product\/terrazzo-decor-patere\/\">\n\t\tD\u00e9cor Pat\u00e8re\t<\/a>\n<\/h5>\n\t\t\t\t<div class=\"qodef-e-info-category\">\n\t\t\t\t\t<a itemprop=\"url\" class=\"qodef-e-category\" href=\"https:\/\/mondomarmo.net\/fr\/product-category\/rialto-fr\/\">\n\t\t\t\tRialto\t\t\t<\/a>\n\t\t\t<\/div>\n\t\t<\/div>\n\t<\/div>\n<\/article>\n<article class=\"qodef-e qodef-grid-item qodef-item--full post-12167 portfolio-item type-portfolio-item status-publish has-post-thumbnail hentry portfolio-category-rialto-fr portfolio-tag-matteo-leorato-fr portfolio-tag-pavement portfolio-tag-rialto-fr\">\n\t<div class=\"qodef-e-inner\" >\n\t\t<div class=\"qodef-e-image\">\n\t\t\t\t<div class=\"qodef-e-media-image\">\n\t\t<a itemprop=\"url\" href=\"https:\/\/mondomarmo.net\/fr\/product\/terrazzo-decor-sventola\/\">\n\t\t\t<img loading=\"lazy\" decoding=\"async\" width=\"1000\" height=\"1000\" src=\"https:\/\/mondomarmo.net\/wp-content\/uploads\/2022\/04\/mondo-marmo-design-terrazzo-rialto-decoro-sventola-1-1.jpg\" class=\"attachment-full size-full\" alt=\"\" srcset=\"https:\/\/mondomarmo.net\/wp-content\/uploads\/2022\/04\/mondo-marmo-design-terrazzo-rialto-decoro-sventola-1-1.jpg 1000w, https:\/\/mondomarmo.net\/wp-content\/uploads\/2022\/04\/mondo-marmo-design-terrazzo-rialto-decoro-sventola-1-1-300x300.jpg 300w, https:\/\/mondomarmo.net\/wp-content\/uploads\/2022\/04\/mondo-marmo-design-terrazzo-rialto-decoro-sventola-1-1-150x150.jpg 150w, https:\/\/mondomarmo.net\/wp-content\/uploads\/2022\/04\/mondo-marmo-design-terrazzo-rialto-decoro-sventola-1-1-768x768.jpg 768w, https:\/\/mondomarmo.net\/wp-content\/uploads\/2022\/04\/mondo-marmo-design-terrazzo-rialto-decoro-sventola-1-1-650x650.jpg 650w, https:\/\/mondomarmo.net\/wp-content\/uploads\/2022\/04\/mondo-marmo-design-terrazzo-rialto-decoro-sventola-1-1-600x600.jpg 600w, https:\/\/mondomarmo.net\/wp-content\/uploads\/2022\/04\/mondo-marmo-design-terrazzo-rialto-decoro-sventola-1-1-100x100.jpg 100w\" sizes=\"(max-width: 1000px) 100vw, 1000px\" \/>\t\t<\/a>\n\t<\/div>\n\t\t<\/div>\n\t\t<div class=\"qodef-e-content\" >\n\t\t\t<h5 itemprop=\"name\" class=\"qodef-e-title entry-title\" >\n\t<a itemprop=\"url\" class=\"qodef-e-title-link\" href=\"https:\/\/mondomarmo.net\/fr\/product\/terrazzo-decor-sventola\/\">\n\t\tD\u00e9cor Sventola\t<\/a>\n<\/h5>\n\t\t\t\t<div class=\"qodef-e-info-category\">\n\t\t\t\t\t<a itemprop=\"url\" class=\"qodef-e-category\" href=\"https:\/\/mondomarmo.net\/fr\/product-category\/rialto-fr\/\">\n\t\t\t\tRialto\t\t\t<\/a>\n\t\t\t<\/div>\n\t\t<\/div>\n\t<\/div>\n<\/article>\n<article class=\"qodef-e qodef-grid-item qodef-item--full post-12552 portfolio-item type-portfolio-item status-publish has-post-thumbnail hentry portfolio-category-eclairage portfolio-tag-lampes portfolio-tag-matteo-leorato-fr\">\n\t<div class=\"qodef-e-inner\" >\n\t\t<div class=\"qodef-e-image\">\n\t\t\t\t<div class=\"qodef-e-media-image\">\n\t\t<a itemprop=\"url\" href=\"https:\/\/mondomarmo.net\/fr\/product\/block-round-wall\/\">\n\t\t\t<img loading=\"lazy\" decoding=\"async\" width=\"1000\" height=\"1000\" src=\"https:\/\/mondomarmo.net\/wp-content\/uploads\/2022\/04\/mondo-marmo-design-illuminazione-lampade-in-marmo-alleggerito-block-round-wall.jpg\" class=\"attachment-full size-full\" alt=\"\" srcset=\"https:\/\/mondomarmo.net\/wp-content\/uploads\/2022\/04\/mondo-marmo-design-illuminazione-lampade-in-marmo-alleggerito-block-round-wall.jpg 1000w, https:\/\/mondomarmo.net\/wp-content\/uploads\/2022\/04\/mondo-marmo-design-illuminazione-lampade-in-marmo-alleggerito-block-round-wall-300x300.jpg 300w, https:\/\/mondomarmo.net\/wp-content\/uploads\/2022\/04\/mondo-marmo-design-illuminazione-lampade-in-marmo-alleggerito-block-round-wall-150x150.jpg 150w, https:\/\/mondomarmo.net\/wp-content\/uploads\/2022\/04\/mondo-marmo-design-illuminazione-lampade-in-marmo-alleggerito-block-round-wall-768x768.jpg 768w, https:\/\/mondomarmo.net\/wp-content\/uploads\/2022\/04\/mondo-marmo-design-illuminazione-lampade-in-marmo-alleggerito-block-round-wall-650x650.jpg 650w, https:\/\/mondomarmo.net\/wp-content\/uploads\/2022\/04\/mondo-marmo-design-illuminazione-lampade-in-marmo-alleggerito-block-round-wall-600x600.jpg 600w, https:\/\/mondomarmo.net\/wp-content\/uploads\/2022\/04\/mondo-marmo-design-illuminazione-lampade-in-marmo-alleggerito-block-round-wall-100x100.jpg 100w\" sizes=\"(max-width: 1000px) 100vw, 1000px\" \/>\t\t<\/a>\n\t<\/div>\n\t\t<\/div>\n\t\t<div class=\"qodef-e-content\" >\n\t\t\t<h5 itemprop=\"name\" class=\"qodef-e-title entry-title\" >\n\t<a itemprop=\"url\" class=\"qodef-e-title-link\" href=\"https:\/\/mondomarmo.net\/fr\/product\/block-round-wall\/\">\n\t\tBlock Round Wall\t<\/a>\n<\/h5>\n\t\t\t\t<div class=\"qodef-e-info-category\">\n\t\t\t\t\t<a itemprop=\"url\" class=\"qodef-e-category\" href=\"https:\/\/mondomarmo.net\/fr\/product-category\/eclairage\/\">\n\t\t\t\t\u00c9clairage\t\t\t<\/a>\n\t\t\t<\/div>\n\t\t<\/div>\n\t<\/div>\n<\/article>\n\t<\/div>\n\t<\/div>\n\t\t\t\t<\/div>\n\t\t\t\t<\/div>\n\t\t\t\t\t<\/div>\n\t\t<\/div>\n\t\t\t\t\t<\/div>\n\t\t<\/section>\n\t\t\t\t<\/div>\n\t\t","protected":false},"excerpt":{"rendered":"<p>Designer Matteo Leorato N\u00e9 \u00e0 V\u00e9rone (Italie) en 1980. Dipl\u00f4m\u00e9 en Art du bois puis en Dessin Industriel au Politecnico (\u00c9cole polytechnique) de Milan. Il a acquis de l\u2019exp\u00e9rience en collaborant avec des studios de design de Milan, New York, V\u00e9rone, Guangzhou et Barcelone. Designer \u00e9clectique, il s\u2019engage dans diff\u00e9rents domaines comme le design de [&hellip;]<\/p>\n","protected":false},"author":1,"featured_media":0,"parent":12463,"menu_order":0,"comment_status":"closed","ping_status":"closed","template":"page-full-width.php","meta":{"footnotes":""},"class_list":["post-12457","page","type-page","status-publish","hentry"],"yoast_head":"<!-- This site is optimized with the Yoast SEO plugin v26.3 - https:\/\/yoast.com\/wordpress\/plugins\/seo\/ -->\n<title>Matteo Leorato - Mondo Marmo Design<\/title>\n<meta name=\"robots\" content=\"index, follow, max-snippet:-1, max-image-preview:large, max-video-preview:-1\" \/>\n<link rel=\"canonical\" href=\"https:\/\/mondomarmo.net\/fr\/designer\/matteo-leorato\/\" \/>\n<meta property=\"og:locale\" content=\"fr_FR\" \/>\n<meta property=\"og:type\" content=\"article\" \/>\n<meta property=\"og:title\" content=\"Matteo Leorato - Mondo Marmo Design\" \/>\n<meta property=\"og:description\" content=\"Designer Matteo Leorato N\u00e9 \u00e0 V\u00e9rone (Italie) en 1980. Dipl\u00f4m\u00e9 en Art du bois puis en Dessin Industriel au Politecnico (\u00c9cole polytechnique) de Milan. Il a acquis de l\u2019exp\u00e9rience en collaborant avec des studios de design de Milan, New York, V\u00e9rone, Guangzhou et Barcelone. Designer \u00e9clectique, il s\u2019engage dans diff\u00e9rents domaines comme le design de [&hellip;]\" \/>\n<meta property=\"og:url\" content=\"https:\/\/mondomarmo.net\/fr\/designer\/matteo-leorato\/\" \/>\n<meta property=\"og:site_name\" content=\"Mondo Marmo Design\" \/>\n<meta property=\"article:publisher\" content=\"https:\/\/www.facebook.com\/MondoMarmoDesign\/\" \/>\n<meta property=\"article:modified_time\" content=\"2024-01-23T17:14:35+00:00\" \/>\n<meta property=\"og:image\" content=\"https:\/\/mondomarmo.net\/wp-content\/uploads\/2022\/04\/designer-Matteo-Leorato-02.jpg\" \/>\n<meta name=\"twitter:card\" content=\"summary_large_image\" \/>\n<meta name=\"twitter:label1\" content=\"Dur\u00e9e de lecture estim\u00e9e\" \/>\n\t<meta name=\"twitter:data1\" content=\"2 minutes\" \/>\n<script type=\"application\/ld+json\" class=\"yoast-schema-graph\">{\"@context\":\"https:\/\/schema.org\",\"@graph\":[{\"@type\":\"WebPage\",\"@id\":\"https:\/\/mondomarmo.net\/fr\/designer\/matteo-leorato\/\",\"url\":\"https:\/\/mondomarmo.net\/fr\/designer\/matteo-leorato\/\",\"name\":\"Matteo Leorato - Mondo Marmo Design\",\"isPartOf\":{\"@id\":\"https:\/\/mondomarmo.net\/fr\/#website\"},\"primaryImageOfPage\":{\"@id\":\"https:\/\/mondomarmo.net\/fr\/designer\/matteo-leorato\/#primaryimage\"},\"image\":{\"@id\":\"https:\/\/mondomarmo.net\/fr\/designer\/matteo-leorato\/#primaryimage\"},\"thumbnailUrl\":\"https:\/\/mondomarmo.net\/wp-content\/uploads\/2022\/04\/designer-Matteo-Leorato-02.jpg\",\"datePublished\":\"2022-04-14T18:32:35+00:00\",\"dateModified\":\"2024-01-23T17:14:35+00:00\",\"breadcrumb\":{\"@id\":\"https:\/\/mondomarmo.net\/fr\/designer\/matteo-leorato\/#breadcrumb\"},\"inLanguage\":\"fr-FR\",\"potentialAction\":[{\"@type\":\"ReadAction\",\"target\":[\"https:\/\/mondomarmo.net\/fr\/designer\/matteo-leorato\/\"]}]},{\"@type\":\"ImageObject\",\"inLanguage\":\"fr-FR\",\"@id\":\"https:\/\/mondomarmo.net\/fr\/designer\/matteo-leorato\/#primaryimage\",\"url\":\"https:\/\/mondomarmo.net\/wp-content\/uploads\/2022\/04\/designer-Matteo-Leorato-02.jpg\",\"contentUrl\":\"https:\/\/mondomarmo.net\/wp-content\/uploads\/2022\/04\/designer-Matteo-Leorato-02.jpg\"},{\"@type\":\"BreadcrumbList\",\"@id\":\"https:\/\/mondomarmo.net\/fr\/designer\/matteo-leorato\/#breadcrumb\",\"itemListElement\":[{\"@type\":\"ListItem\",\"position\":1,\"name\":\"Home\",\"item\":\"https:\/\/mondomarmo.net\/fr\/\"},{\"@type\":\"ListItem\",\"position\":2,\"name\":\"Designers\",\"item\":\"https:\/\/mondomarmo.net\/fr\/designer\/\"},{\"@type\":\"ListItem\",\"position\":3,\"name\":\"Matteo Leorato\"}]},{\"@type\":\"WebSite\",\"@id\":\"https:\/\/mondomarmo.net\/fr\/#website\",\"url\":\"https:\/\/mondomarmo.net\/fr\/\",\"name\":\"Mondo Marmo Design\",\"description\":\"Soluzioni per progetti in Marmo\",\"publisher\":{\"@id\":\"https:\/\/mondomarmo.net\/fr\/#organization\"},\"potentialAction\":[{\"@type\":\"SearchAction\",\"target\":{\"@type\":\"EntryPoint\",\"urlTemplate\":\"https:\/\/mondomarmo.net\/fr\/?s={search_term_string}\"},\"query-input\":{\"@type\":\"PropertyValueSpecification\",\"valueRequired\":true,\"valueName\":\"search_term_string\"}}],\"inLanguage\":\"fr-FR\"},{\"@type\":\"Organization\",\"@id\":\"https:\/\/mondomarmo.net\/fr\/#organization\",\"name\":\"Mondo Marmo Design\",\"url\":\"https:\/\/mondomarmo.net\/fr\/\",\"logo\":{\"@type\":\"ImageObject\",\"inLanguage\":\"fr-FR\",\"@id\":\"https:\/\/mondomarmo.net\/fr\/#\/schema\/logo\/image\/\",\"url\":\"https:\/\/mondomarmo.net\/wp-content\/uploads\/2022\/02\/mondo-marmo-1.png\",\"contentUrl\":\"https:\/\/mondomarmo.net\/wp-content\/uploads\/2022\/02\/mondo-marmo-1.png\",\"width\":125,\"height\":147,\"caption\":\"Mondo Marmo Design\"},\"image\":{\"@id\":\"https:\/\/mondomarmo.net\/fr\/#\/schema\/logo\/image\/\"},\"sameAs\":[\"https:\/\/www.facebook.com\/MondoMarmoDesign\/\",\"https:\/\/www.instagram.com\/mmarmodesign\/\"]}]}<\/script>\n<!-- \/ Yoast SEO plugin. -->","yoast_head_json":{"title":"Matteo Leorato - Mondo Marmo Design","robots":{"index":"index","follow":"follow","max-snippet":"max-snippet:-1","max-image-preview":"max-image-preview:large","max-video-preview":"max-video-preview:-1"},"canonical":"https:\/\/mondomarmo.net\/fr\/designer\/matteo-leorato\/","og_locale":"fr_FR","og_type":"article","og_title":"Matteo Leorato - Mondo Marmo Design","og_description":"Designer Matteo Leorato N\u00e9 \u00e0 V\u00e9rone (Italie) en 1980. Dipl\u00f4m\u00e9 en Art du bois puis en Dessin Industriel au Politecnico (\u00c9cole polytechnique) de Milan. Il a acquis de l\u2019exp\u00e9rience en collaborant avec des studios de design de Milan, New York, V\u00e9rone, Guangzhou et Barcelone. Designer \u00e9clectique, il s\u2019engage dans diff\u00e9rents domaines comme le design de [&hellip;]","og_url":"https:\/\/mondomarmo.net\/fr\/designer\/matteo-leorato\/","og_site_name":"Mondo Marmo Design","article_publisher":"https:\/\/www.facebook.com\/MondoMarmoDesign\/","article_modified_time":"2024-01-23T17:14:35+00:00","og_image":[{"url":"https:\/\/mondomarmo.net\/wp-content\/uploads\/2022\/04\/designer-Matteo-Leorato-02.jpg","type":"","width":"","height":""}],"twitter_card":"summary_large_image","twitter_misc":{"Dur\u00e9e de lecture estim\u00e9e":"2 minutes"},"schema":{"@context":"https:\/\/schema.org","@graph":[{"@type":"WebPage","@id":"https:\/\/mondomarmo.net\/fr\/designer\/matteo-leorato\/","url":"https:\/\/mondomarmo.net\/fr\/designer\/matteo-leorato\/","name":"Matteo Leorato - Mondo Marmo Design","isPartOf":{"@id":"https:\/\/mondomarmo.net\/fr\/#website"},"primaryImageOfPage":{"@id":"https:\/\/mondomarmo.net\/fr\/designer\/matteo-leorato\/#primaryimage"},"image":{"@id":"https:\/\/mondomarmo.net\/fr\/designer\/matteo-leorato\/#primaryimage"},"thumbnailUrl":"https:\/\/mondomarmo.net\/wp-content\/uploads\/2022\/04\/designer-Matteo-Leorato-02.jpg","datePublished":"2022-04-14T18:32:35+00:00","dateModified":"2024-01-23T17:14:35+00:00","breadcrumb":{"@id":"https:\/\/mondomarmo.net\/fr\/designer\/matteo-leorato\/#breadcrumb"},"inLanguage":"fr-FR","potentialAction":[{"@type":"ReadAction","target":["https:\/\/mondomarmo.net\/fr\/designer\/matteo-leorato\/"]}]},{"@type":"ImageObject","inLanguage":"fr-FR","@id":"https:\/\/mondomarmo.net\/fr\/designer\/matteo-leorato\/#primaryimage","url":"https:\/\/mondomarmo.net\/wp-content\/uploads\/2022\/04\/designer-Matteo-Leorato-02.jpg","contentUrl":"https:\/\/mondomarmo.net\/wp-content\/uploads\/2022\/04\/designer-Matteo-Leorato-02.jpg"},{"@type":"BreadcrumbList","@id":"https:\/\/mondomarmo.net\/fr\/designer\/matteo-leorato\/#breadcrumb","itemListElement":[{"@type":"ListItem","position":1,"name":"Home","item":"https:\/\/mondomarmo.net\/fr\/"},{"@type":"ListItem","position":2,"name":"Designers","item":"https:\/\/mondomarmo.net\/fr\/designer\/"},{"@type":"ListItem","position":3,"name":"Matteo Leorato"}]},{"@type":"WebSite","@id":"https:\/\/mondomarmo.net\/fr\/#website","url":"https:\/\/mondomarmo.net\/fr\/","name":"Mondo Marmo Design","description":"Soluzioni per progetti in Marmo","publisher":{"@id":"https:\/\/mondomarmo.net\/fr\/#organization"},"potentialAction":[{"@type":"SearchAction","target":{"@type":"EntryPoint","urlTemplate":"https:\/\/mondomarmo.net\/fr\/?s={search_term_string}"},"query-input":{"@type":"PropertyValueSpecification","valueRequired":true,"valueName":"search_term_string"}}],"inLanguage":"fr-FR"},{"@type":"Organization","@id":"https:\/\/mondomarmo.net\/fr\/#organization","name":"Mondo Marmo Design","url":"https:\/\/mondomarmo.net\/fr\/","logo":{"@type":"ImageObject","inLanguage":"fr-FR","@id":"https:\/\/mondomarmo.net\/fr\/#\/schema\/logo\/image\/","url":"https:\/\/mondomarmo.net\/wp-content\/uploads\/2022\/02\/mondo-marmo-1.png","contentUrl":"https:\/\/mondomarmo.net\/wp-content\/uploads\/2022\/02\/mondo-marmo-1.png","width":125,"height":147,"caption":"Mondo Marmo Design"},"image":{"@id":"https:\/\/mondomarmo.net\/fr\/#\/schema\/logo\/image\/"},"sameAs":["https:\/\/www.facebook.com\/MondoMarmoDesign\/","https:\/\/www.instagram.com\/mmarmodesign\/"]}]}},"_links":{"self":[{"href":"https:\/\/mondomarmo.net\/fr\/wp-json\/wp\/v2\/pages\/12457","targetHints":{"allow":["GET"]}}],"collection":[{"href":"https:\/\/mondomarmo.net\/fr\/wp-json\/wp\/v2\/pages"}],"about":[{"href":"https:\/\/mondomarmo.net\/fr\/wp-json\/wp\/v2\/types\/page"}],"author":[{"embeddable":true,"href":"https:\/\/mondomarmo.net\/fr\/wp-json\/wp\/v2\/users\/1"}],"replies":[{"embeddable":true,"href":"https:\/\/mondomarmo.net\/fr\/wp-json\/wp\/v2\/comments?post=12457"}],"version-history":[{"count":7,"href":"https:\/\/mondomarmo.net\/fr\/wp-json\/wp\/v2\/pages\/12457\/revisions"}],"predecessor-version":[{"id":12470,"href":"https:\/\/mondomarmo.net\/fr\/wp-json\/wp\/v2\/pages\/12457\/revisions\/12470"}],"up":[{"embeddable":true,"href":"https:\/\/mondomarmo.net\/fr\/wp-json\/wp\/v2\/pages\/12463"}],"wp:attachment":[{"href":"https:\/\/mondomarmo.net\/fr\/wp-json\/wp\/v2\/media?parent=12457"}],"curies":[{"name":"wp","href":"https:\/\/api.w.org\/{rel}","templated":true}]}}