{"id":12436,"date":"2022-04-14T18:12:39","date_gmt":"2022-04-14T16:12:39","guid":{"rendered":"https:\/\/mondomarmo.net\/charlotte-taylor\/"},"modified":"2024-01-23T18:08:32","modified_gmt":"2024-01-23T17:08:32","slug":"charlotte-taylor","status":"publish","type":"page","link":"https:\/\/mondomarmo.net\/fr\/designer\/charlotte-taylor\/","title":{"rendered":"Charlotte Taylor"},"content":{"rendered":"\t\t<div data-elementor-type=\"wp-page\" data-elementor-id=\"12436\" class=\"elementor elementor-12436 elementor-7770\" data-elementor-post-type=\"page\">\n\t\t\t\t\t\t<section class=\"elementor-section elementor-top-section elementor-element elementor-element-c5d9ea4 elementor-section-full_width elementor-section-content-middle qodef-elementor-content-grid elementor-section-height-default elementor-section-height-default\" data-id=\"c5d9ea4\" data-element_type=\"section\" data-e-type=\"section\">\n\t\t\t\t\t\t<div class=\"elementor-container elementor-column-gap-default\">\n\t\t\t\t\t<div class=\"elementor-column elementor-col-50 elementor-top-column elementor-element elementor-element-ea26b68\" data-id=\"ea26b68\" data-element_type=\"column\" data-e-type=\"column\">\n\t\t\t<div class=\"elementor-widget-wrap elementor-element-populated\">\n\t\t\t\t\t\t<div class=\"elementor-element elementor-element-c5804bd elementor-widget__width-initial elementor-widget elementor-widget-umea_core_section_title\" data-id=\"c5804bd\" data-element_type=\"widget\" data-e-type=\"widget\" data-widget_type=\"umea_core_section_title.default\">\n\t\t\t\t<div class=\"elementor-widget-container\">\n\t\t\t\t\t<div class=\"qodef-shortcode qodef-m qodef-section-title qodef-alignment--left\">\n\t\t<h6 class=\"qodef-m-tagline\" >\n\tDesigner\t<\/h6>\n\t\t<h2 class=\"qodef-m-title\" >\n\t\t\t\t\tCharlotte Taylor\t\t\t\t\t<\/h2>\n\t\t<div class=\"qodef-m-separator clear\">\n\t\t<div class=\"qodef-shortcode qodef-m qodef-separator clear qodef-position--left\">\t<div class=\"qodef-m-line\" style=\"width: 120px\"><\/div><\/div>\t<\/div>\n\t\t<p class=\"qodef-m-text\" >N\u00e9e \u00e0 Londres en 1994 et r\u00e9sidant actuellement \u00e0 Paris. Titulaire d&#039;un Bachelor in Fine Arts (Beaux-Arts) du Chelsea College of Arts (Universit\u00e9 des Arts de Londres), apr\u00e8s avoir accompli une ann\u00e9e en design \u00e0 la Goldsmiths University. Avec Oscar Piccolo, elle a fond\u00e9 Dello Studio, un studio de design interdisciplinaire. La mani\u00e8re de travailler de Charlotte consiste \u00e0 examiner les parall\u00e8les entre forme architecturale, objets et espace \u00e0 travers un processus de documentation photographique, sculpture et compositions num\u00e9riques. <\/p>\n\t<\/div>\n\t\t\t\t<\/div>\n\t\t\t\t<\/div>\n\t\t\t\t<div class=\"elementor-element elementor-element-cf67cdc elementor-widget elementor-widget-spacer\" data-id=\"cf67cdc\" data-element_type=\"widget\" data-e-type=\"widget\" data-widget_type=\"spacer.default\">\n\t\t\t\t\t\t\t<div class=\"elementor-spacer\">\n\t\t\t<div class=\"elementor-spacer-inner\"><\/div>\n\t\t<\/div>\n\t\t\t\t\t\t<\/div>\n\t\t\t\t\t<\/div>\n\t\t<\/div>\n\t\t\t\t<div class=\"elementor-column elementor-col-50 elementor-top-column elementor-element elementor-element-ae697e6\" data-id=\"ae697e6\" data-element_type=\"column\" data-e-type=\"column\">\n\t\t\t<div class=\"elementor-widget-wrap elementor-element-populated\">\n\t\t\t\t\t\t<div class=\"elementor-element elementor-element-dcf9e84 elementor-widget elementor-widget-umea_core_single_image\" data-id=\"dcf9e84\" data-element_type=\"widget\" data-e-type=\"widget\" data-widget_type=\"umea_core_single_image.default\">\n\t\t\t\t<div class=\"elementor-widget-container\">\n\t\t\t\t\t<div class=\"qodef-shortcode qodef-m qodef-single-image qodef-layout--default qodef--appear\">\n\t<div class=\"qodef-m-image\">\n\t\t\t<img fetchpriority=\"high\" decoding=\"async\" width=\"600\" height=\"800\" src=\"https:\/\/mondomarmo.net\/wp-content\/uploads\/2022\/04\/designer-Charlotte-Taylor-01.jpg\" class=\"attachment-full size-full\" alt=\"\" srcset=\"https:\/\/mondomarmo.net\/wp-content\/uploads\/2022\/04\/designer-Charlotte-Taylor-01.jpg 600w, https:\/\/mondomarmo.net\/wp-content\/uploads\/2022\/04\/designer-Charlotte-Taylor-01-225x300.jpg 225w, https:\/\/mondomarmo.net\/wp-content\/uploads\/2022\/04\/designer-Charlotte-Taylor-01-300x400.jpg 300w\" sizes=\"(max-width: 600px) 100vw, 600px\" \/>\t<\/div>\n<\/div>\n\t\t\t\t<\/div>\n\t\t\t\t<\/div>\n\t\t\t\t\t<\/div>\n\t\t<\/div>\n\t\t\t\t\t<\/div>\n\t\t<\/section>\n\t\t\t\t<section class=\"elementor-section elementor-top-section elementor-element elementor-element-3fdc468 elementor-section-full_width qodef-elementor-content-grid elementor-section-height-default elementor-section-height-default\" data-id=\"3fdc468\" data-element_type=\"section\" data-e-type=\"section\">\n\t\t\t\t\t\t<div class=\"elementor-container elementor-column-gap-default\">\n\t\t\t\t\t<div class=\"elementor-column elementor-col-100 elementor-top-column elementor-element elementor-element-38ce616\" data-id=\"38ce616\" data-element_type=\"column\" data-e-type=\"column\">\n\t\t\t<div class=\"elementor-widget-wrap elementor-element-populated\">\n\t\t\t\t\t\t<div class=\"elementor-element elementor-element-db9c6a3 elementor-widget elementor-widget-heading\" data-id=\"db9c6a3\" data-element_type=\"widget\" data-e-type=\"widget\" data-widget_type=\"heading.default\">\n\t\t\t\t\t<h4 class=\"elementor-heading-title elementor-size-default\">Quelques r\u00e9alisations pour Mondo Marmo Design<\/h4>\t\t\t\t<\/div>\n\t\t\t\t<div class=\"elementor-element elementor-element-c772398 elementor-widget elementor-widget-umea_core_portfolio_list\" data-id=\"c772398\" data-element_type=\"widget\" data-e-type=\"widget\" data-widget_type=\"umea_core_portfolio_list.default\">\n\t\t\t\t<div class=\"elementor-widget-container\">\n\t\t\t\t\t<div class=\"qodef-shortcode qodef-m qodef-portfolio-list qodef-item-layout--info-below qodef-grid qodef-layout--columns qodef-gutter--normal qodef-col-num--4 qodef-item-layout--info-below qodef--no-bottom-space qodef-pagination--off qodef-responsive--predefined qodef-hover-animation--tilt\" data-options=\"{&quot;plugin&quot;:&quot;umea_core&quot;,&quot;module&quot;:&quot;post-types\\\/portfolio\\\/shortcodes&quot;,&quot;shortcode&quot;:&quot;portfolio-list&quot;,&quot;post_type&quot;:&quot;portfolio-item&quot;,&quot;next_page&quot;:&quot;2&quot;,&quot;max_pages_num&quot;:0,&quot;behavior&quot;:&quot;columns&quot;,&quot;divided_content_slider&quot;:&quot;no&quot;,&quot;divided_content_slider_position&quot;:&quot;left&quot;,&quot;divided_content_slider_vertical_alignment&quot;:&quot;top&quot;,&quot;divided_content_slider_separator&quot;:&quot;no&quot;,&quot;divided_content_slider_children&quot;:&quot;null&quot;,&quot;images_proportion&quot;:&quot;full&quot;,&quot;columns&quot;:&quot;4&quot;,&quot;columns_responsive&quot;:&quot;predefined&quot;,&quot;columns_1440&quot;:&quot;3&quot;,&quot;columns_1366&quot;:&quot;3&quot;,&quot;columns_1024&quot;:&quot;3&quot;,&quot;columns_768&quot;:&quot;3&quot;,&quot;columns_680&quot;:&quot;3&quot;,&quot;columns_480&quot;:&quot;3&quot;,&quot;space&quot;:&quot;normal&quot;,&quot;posts_per_page&quot;:&quot;4&quot;,&quot;orderby&quot;:&quot;date&quot;,&quot;order&quot;:&quot;ASC&quot;,&quot;additional_params&quot;:&quot;tax&quot;,&quot;tax&quot;:&quot;portfolio-tag&quot;,&quot;tax_slug&quot;:&quot;charlotte-taylor&quot;,&quot;layout&quot;:&quot;info-below&quot;,&quot;hover_animation_info-below&quot;:&quot;tilt&quot;,&quot;title_tag&quot;:&quot;h5&quot;,&quot;use_portfolio_list_image&quot;:&quot;no&quot;,&quot;enable_category&quot;:&quot;yes&quot;,&quot;custom_padding&quot;:&quot;no&quot;,&quot;enable_filter&quot;:&quot;no&quot;,&quot;pagination_type&quot;:&quot;no-pagination&quot;,&quot;object_class_name&quot;:&quot;UmeaCore_Portfolio_List_Shortcode&quot;,&quot;taxonomy_filter&quot;:&quot;portfolio-category&quot;,&quot;additional_query_args&quot;:{&quot;tax_query&quot;:[{&quot;taxonomy&quot;:&quot;portfolio-tag&quot;,&quot;field&quot;:&quot;slug&quot;,&quot;terms&quot;:&quot;charlotte-taylor&quot;}]},&quot;space_value&quot;:15}\">\n\t\t<div class=\"qodef-grid-inner clear\">\n\t\t<p class=\"qodef-m-posts-not-found qodef-grid-item\">No posts were found for provided query parameters.<\/p>\n\t<\/div>\n\t<\/div>\n\t\t\t\t<\/div>\n\t\t\t\t<\/div>\n\t\t\t\t\t<\/div>\n\t\t<\/div>\n\t\t\t\t\t<\/div>\n\t\t<\/section>\n\t\t\t\t<\/div>\n\t\t","protected":false},"excerpt":{"rendered":"<p>Designer Charlotte Taylor N\u00e9e \u00e0 Londres en 1994 et r\u00e9sidant actuellement \u00e0 Paris. Titulaire d&#039;un Bachelor in Fine Arts (Beaux-Arts) du Chelsea College of Arts (Universit\u00e9 des Arts de Londres), apr\u00e8s avoir accompli une ann\u00e9e en design \u00e0 la Goldsmiths University. Avec Oscar Piccolo, elle a fond\u00e9 Dello Studio, un studio de design interdisciplinaire. La [&hellip;]<\/p>\n","protected":false},"author":1,"featured_media":0,"parent":12463,"menu_order":0,"comment_status":"closed","ping_status":"closed","template":"page-full-width.php","meta":{"footnotes":""},"class_list":["post-12436","page","type-page","status-publish","hentry"],"yoast_head":"<!-- This site is optimized with the Yoast SEO plugin v27.3 - https:\/\/yoast.com\/product\/yoast-seo-wordpress\/ -->\n<title>Charlotte Taylor - Mondo Marmo Design<\/title>\n<meta name=\"robots\" content=\"index, follow, max-snippet:-1, max-image-preview:large, max-video-preview:-1\" \/>\n<link rel=\"canonical\" href=\"https:\/\/mondomarmo.net\/fr\/designer\/charlotte-taylor\/\" \/>\n<meta property=\"og:locale\" content=\"fr_FR\" \/>\n<meta property=\"og:type\" content=\"article\" \/>\n<meta property=\"og:title\" content=\"Charlotte Taylor - Mondo Marmo Design\" \/>\n<meta property=\"og:description\" content=\"Designer Charlotte Taylor N\u00e9e \u00e0 Londres en 1994 et r\u00e9sidant actuellement \u00e0 Paris. Titulaire d&#039;un Bachelor in Fine Arts (Beaux-Arts) du Chelsea College of Arts (Universit\u00e9 des Arts de Londres), apr\u00e8s avoir accompli une ann\u00e9e en design \u00e0 la Goldsmiths University. Avec Oscar Piccolo, elle a fond\u00e9 Dello Studio, un studio de design interdisciplinaire. La [&hellip;]\" \/>\n<meta property=\"og:url\" content=\"https:\/\/mondomarmo.net\/fr\/designer\/charlotte-taylor\/\" \/>\n<meta property=\"og:site_name\" content=\"Mondo Marmo Design\" \/>\n<meta property=\"article:publisher\" content=\"https:\/\/www.facebook.com\/MondoMarmoDesign\/\" \/>\n<meta property=\"article:modified_time\" content=\"2024-01-23T17:08:32+00:00\" \/>\n<meta property=\"og:image\" content=\"https:\/\/mondomarmo.net\/wp-content\/uploads\/2022\/04\/designer-Charlotte-Taylor-01.jpg\" \/>\n<meta name=\"twitter:card\" content=\"summary_large_image\" \/>\n<meta name=\"twitter:label1\" content=\"Dur\u00e9e de lecture estim\u00e9e\" \/>\n\t<meta name=\"twitter:data1\" content=\"1 minute\" \/>\n<script type=\"application\/ld+json\" class=\"yoast-schema-graph\">{\"@context\":\"https:\\\/\\\/schema.org\",\"@graph\":[{\"@type\":\"WebPage\",\"@id\":\"https:\\\/\\\/mondomarmo.net\\\/fr\\\/designer\\\/charlotte-taylor\\\/\",\"url\":\"https:\\\/\\\/mondomarmo.net\\\/fr\\\/designer\\\/charlotte-taylor\\\/\",\"name\":\"Charlotte Taylor - Mondo Marmo Design\",\"isPartOf\":{\"@id\":\"https:\\\/\\\/mondomarmo.net\\\/fr\\\/#website\"},\"primaryImageOfPage\":{\"@id\":\"https:\\\/\\\/mondomarmo.net\\\/fr\\\/designer\\\/charlotte-taylor\\\/#primaryimage\"},\"image\":{\"@id\":\"https:\\\/\\\/mondomarmo.net\\\/fr\\\/designer\\\/charlotte-taylor\\\/#primaryimage\"},\"thumbnailUrl\":\"https:\\\/\\\/mondomarmo.net\\\/wp-content\\\/uploads\\\/2022\\\/04\\\/designer-Charlotte-Taylor-01.jpg\",\"datePublished\":\"2022-04-14T16:12:39+00:00\",\"dateModified\":\"2024-01-23T17:08:32+00:00\",\"breadcrumb\":{\"@id\":\"https:\\\/\\\/mondomarmo.net\\\/fr\\\/designer\\\/charlotte-taylor\\\/#breadcrumb\"},\"inLanguage\":\"fr-FR\",\"potentialAction\":[{\"@type\":\"ReadAction\",\"target\":[\"https:\\\/\\\/mondomarmo.net\\\/fr\\\/designer\\\/charlotte-taylor\\\/\"]}]},{\"@type\":\"ImageObject\",\"inLanguage\":\"fr-FR\",\"@id\":\"https:\\\/\\\/mondomarmo.net\\\/fr\\\/designer\\\/charlotte-taylor\\\/#primaryimage\",\"url\":\"https:\\\/\\\/mondomarmo.net\\\/wp-content\\\/uploads\\\/2022\\\/04\\\/designer-Charlotte-Taylor-01.jpg\",\"contentUrl\":\"https:\\\/\\\/mondomarmo.net\\\/wp-content\\\/uploads\\\/2022\\\/04\\\/designer-Charlotte-Taylor-01.jpg\"},{\"@type\":\"BreadcrumbList\",\"@id\":\"https:\\\/\\\/mondomarmo.net\\\/fr\\\/designer\\\/charlotte-taylor\\\/#breadcrumb\",\"itemListElement\":[{\"@type\":\"ListItem\",\"position\":1,\"name\":\"Home\",\"item\":\"https:\\\/\\\/mondomarmo.net\\\/fr\\\/\"},{\"@type\":\"ListItem\",\"position\":2,\"name\":\"Charlotte Taylor\"}]},{\"@type\":\"WebSite\",\"@id\":\"https:\\\/\\\/mondomarmo.net\\\/fr\\\/#website\",\"url\":\"https:\\\/\\\/mondomarmo.net\\\/fr\\\/\",\"name\":\"Mondo Marmo Design\",\"description\":\"Soluzioni per progetti in Marmo\",\"publisher\":{\"@id\":\"https:\\\/\\\/mondomarmo.net\\\/fr\\\/#organization\"},\"potentialAction\":[{\"@type\":\"SearchAction\",\"target\":{\"@type\":\"EntryPoint\",\"urlTemplate\":\"https:\\\/\\\/mondomarmo.net\\\/fr\\\/?s={search_term_string}\"},\"query-input\":{\"@type\":\"PropertyValueSpecification\",\"valueRequired\":true,\"valueName\":\"search_term_string\"}}],\"inLanguage\":\"fr-FR\"},{\"@type\":\"Organization\",\"@id\":\"https:\\\/\\\/mondomarmo.net\\\/fr\\\/#organization\",\"name\":\"Mondo Marmo Design\",\"url\":\"https:\\\/\\\/mondomarmo.net\\\/fr\\\/\",\"logo\":{\"@type\":\"ImageObject\",\"inLanguage\":\"fr-FR\",\"@id\":\"https:\\\/\\\/mondomarmo.net\\\/fr\\\/#\\\/schema\\\/logo\\\/image\\\/\",\"url\":\"https:\\\/\\\/mondomarmo.net\\\/wp-content\\\/uploads\\\/2022\\\/02\\\/mondo-marmo-1.png\",\"contentUrl\":\"https:\\\/\\\/mondomarmo.net\\\/wp-content\\\/uploads\\\/2022\\\/02\\\/mondo-marmo-1.png\",\"width\":125,\"height\":147,\"caption\":\"Mondo Marmo Design\"},\"image\":{\"@id\":\"https:\\\/\\\/mondomarmo.net\\\/fr\\\/#\\\/schema\\\/logo\\\/image\\\/\"},\"sameAs\":[\"https:\\\/\\\/www.facebook.com\\\/MondoMarmoDesign\\\/\",\"https:\\\/\\\/www.instagram.com\\\/mmarmodesign\\\/\"]}]}<\/script>\n<!-- \/ Yoast SEO plugin. -->","yoast_head_json":{"title":"Charlotte Taylor - Mondo Marmo Design","robots":{"index":"index","follow":"follow","max-snippet":"max-snippet:-1","max-image-preview":"max-image-preview:large","max-video-preview":"max-video-preview:-1"},"canonical":"https:\/\/mondomarmo.net\/fr\/designer\/charlotte-taylor\/","og_locale":"fr_FR","og_type":"article","og_title":"Charlotte Taylor - Mondo Marmo Design","og_description":"Designer Charlotte Taylor N\u00e9e \u00e0 Londres en 1994 et r\u00e9sidant actuellement \u00e0 Paris. Titulaire d&#039;un Bachelor in Fine Arts (Beaux-Arts) du Chelsea College of Arts (Universit\u00e9 des Arts de Londres), apr\u00e8s avoir accompli une ann\u00e9e en design \u00e0 la Goldsmiths University. Avec Oscar Piccolo, elle a fond\u00e9 Dello Studio, un studio de design interdisciplinaire. La [&hellip;]","og_url":"https:\/\/mondomarmo.net\/fr\/designer\/charlotte-taylor\/","og_site_name":"Mondo Marmo Design","article_publisher":"https:\/\/www.facebook.com\/MondoMarmoDesign\/","article_modified_time":"2024-01-23T17:08:32+00:00","og_image":[{"url":"https:\/\/mondomarmo.net\/wp-content\/uploads\/2022\/04\/designer-Charlotte-Taylor-01.jpg","type":"","width":"","height":""}],"twitter_card":"summary_large_image","twitter_misc":{"Dur\u00e9e de lecture estim\u00e9e":"1 minute"},"schema":{"@context":"https:\/\/schema.org","@graph":[{"@type":"WebPage","@id":"https:\/\/mondomarmo.net\/fr\/designer\/charlotte-taylor\/","url":"https:\/\/mondomarmo.net\/fr\/designer\/charlotte-taylor\/","name":"Charlotte Taylor - Mondo Marmo Design","isPartOf":{"@id":"https:\/\/mondomarmo.net\/fr\/#website"},"primaryImageOfPage":{"@id":"https:\/\/mondomarmo.net\/fr\/designer\/charlotte-taylor\/#primaryimage"},"image":{"@id":"https:\/\/mondomarmo.net\/fr\/designer\/charlotte-taylor\/#primaryimage"},"thumbnailUrl":"https:\/\/mondomarmo.net\/wp-content\/uploads\/2022\/04\/designer-Charlotte-Taylor-01.jpg","datePublished":"2022-04-14T16:12:39+00:00","dateModified":"2024-01-23T17:08:32+00:00","breadcrumb":{"@id":"https:\/\/mondomarmo.net\/fr\/designer\/charlotte-taylor\/#breadcrumb"},"inLanguage":"fr-FR","potentialAction":[{"@type":"ReadAction","target":["https:\/\/mondomarmo.net\/fr\/designer\/charlotte-taylor\/"]}]},{"@type":"ImageObject","inLanguage":"fr-FR","@id":"https:\/\/mondomarmo.net\/fr\/designer\/charlotte-taylor\/#primaryimage","url":"https:\/\/mondomarmo.net\/wp-content\/uploads\/2022\/04\/designer-Charlotte-Taylor-01.jpg","contentUrl":"https:\/\/mondomarmo.net\/wp-content\/uploads\/2022\/04\/designer-Charlotte-Taylor-01.jpg"},{"@type":"BreadcrumbList","@id":"https:\/\/mondomarmo.net\/fr\/designer\/charlotte-taylor\/#breadcrumb","itemListElement":[{"@type":"ListItem","position":1,"name":"Home","item":"https:\/\/mondomarmo.net\/fr\/"},{"@type":"ListItem","position":2,"name":"Charlotte Taylor"}]},{"@type":"WebSite","@id":"https:\/\/mondomarmo.net\/fr\/#website","url":"https:\/\/mondomarmo.net\/fr\/","name":"Mondo Marmo Design","description":"Soluzioni per progetti in Marmo","publisher":{"@id":"https:\/\/mondomarmo.net\/fr\/#organization"},"potentialAction":[{"@type":"SearchAction","target":{"@type":"EntryPoint","urlTemplate":"https:\/\/mondomarmo.net\/fr\/?s={search_term_string}"},"query-input":{"@type":"PropertyValueSpecification","valueRequired":true,"valueName":"search_term_string"}}],"inLanguage":"fr-FR"},{"@type":"Organization","@id":"https:\/\/mondomarmo.net\/fr\/#organization","name":"Mondo Marmo Design","url":"https:\/\/mondomarmo.net\/fr\/","logo":{"@type":"ImageObject","inLanguage":"fr-FR","@id":"https:\/\/mondomarmo.net\/fr\/#\/schema\/logo\/image\/","url":"https:\/\/mondomarmo.net\/wp-content\/uploads\/2022\/02\/mondo-marmo-1.png","contentUrl":"https:\/\/mondomarmo.net\/wp-content\/uploads\/2022\/02\/mondo-marmo-1.png","width":125,"height":147,"caption":"Mondo Marmo Design"},"image":{"@id":"https:\/\/mondomarmo.net\/fr\/#\/schema\/logo\/image\/"},"sameAs":["https:\/\/www.facebook.com\/MondoMarmoDesign\/","https:\/\/www.instagram.com\/mmarmodesign\/"]}]}},"_links":{"self":[{"href":"https:\/\/mondomarmo.net\/fr\/wp-json\/wp\/v2\/pages\/12436","targetHints":{"allow":["GET"]}}],"collection":[{"href":"https:\/\/mondomarmo.net\/fr\/wp-json\/wp\/v2\/pages"}],"about":[{"href":"https:\/\/mondomarmo.net\/fr\/wp-json\/wp\/v2\/types\/page"}],"author":[{"embeddable":true,"href":"https:\/\/mondomarmo.net\/fr\/wp-json\/wp\/v2\/users\/1"}],"replies":[{"embeddable":true,"href":"https:\/\/mondomarmo.net\/fr\/wp-json\/wp\/v2\/comments?post=12436"}],"version-history":[{"count":4,"href":"https:\/\/mondomarmo.net\/fr\/wp-json\/wp\/v2\/pages\/12436\/revisions"}],"predecessor-version":[{"id":12453,"href":"https:\/\/mondomarmo.net\/fr\/wp-json\/wp\/v2\/pages\/12436\/revisions\/12453"}],"up":[{"embeddable":true,"href":"https:\/\/mondomarmo.net\/fr\/wp-json\/wp\/v2\/pages\/12463"}],"wp:attachment":[{"href":"https:\/\/mondomarmo.net\/fr\/wp-json\/wp\/v2\/media?parent=12436"}],"curies":[{"name":"wp","href":"https:\/\/api.w.org\/{rel}","templated":true}]}}